{"id":38,"date":"2025-02-17T12:27:52","date_gmt":"2025-02-17T11:27:52","guid":{"rendered":"https:\/\/wei-wen.ch\/?page_id=38"},"modified":"2026-02-22T04:31:12","modified_gmt":"2026-02-22T03:31:12","slug":"media","status":"publish","type":"page","link":"https:\/\/wei-wen.ch\/de\/media\/","title":{"rendered":"Medien"},"content":{"rendered":"\n<h2 class=\"wp-block-heading\">Klangbeispiele (Klavier)<\/h2>\n\n\n\n<p>D. Schostakowitsch: Pr\u00e4ludium und Fuge op.87 Nr.2 in a-Moll<\/p>\n\n\n\n<figure class=\"wp-block-audio\"><audio controls src=\"https:\/\/wei-wen.ch\/wp-content\/uploads\/2025\/02\/Croped-shostokovith.aac\"><\/audio><figcaption class=\"wp-element-caption\"><strong>Live-Aufnahme<\/strong>\u00a0von Wei-Wen Lins Klavierkonzert (2021), aufgenommen im Taipeh Steinway Center<\/figcaption><\/figure>\n\n\n\n<p class=\"has-text-align-left\">A. Skrjabin: Et\u00fcde Op.42 Nr.4 in Fis-Dur<\/p>\n\n\n\n<figure class=\"wp-block-audio\"><audio controls src=\"https:\/\/wei-wen.ch\/wp-content\/uploads\/2025\/02\/croped-scriabin-etude.aac\"><\/audio><figcaption class=\"wp-element-caption\"><strong>Live-Aufnahme<\/strong>\u00a0von Wei-Wen Lins Klavierkonzert\u00a0<strong>\u201eDie Erinnerungen\u201c<\/strong>\u00a0(2022), aufgenommen in der\u00a0<strong>Taipeh KHS Concert Hall<\/strong>.<\/figcaption><\/figure>\n\n\n\n<h2 class=\"wp-block-heading\">Klangbeispiel (Querfl\u00f6te)<\/h2>\n\n\n\n<p>G. H\u00fce: Fantaisie pour fl\u00fbte et piano<\/p>\n\n\n\n<figure class=\"wp-block-audio\"><audio controls src=\"https:\/\/wei-wen.ch\/wp-content\/uploads\/2025\/02\/Georges-Hue-Fantaisie.aac\"><\/audio><figcaption class=\"wp-element-caption\">Aufnahme einer Probe, ohne Klavierbegleitung.<\/figcaption><\/figure>\n\n\n\n<h2 class=\"wp-block-heading\">Komposition<\/h2>\n\n\n\n<p><strong>\u201eSong of the Virtuous Dragon\u201c (2016)<\/strong>\u00a0\u2013 Klangbeispiel auf dem Electone pr\u00e4sentiert.<\/p>\n\n\n\n<figure class=\"wp-block-audio\"><audio controls src=\"https:\/\/wei-wen.ch\/wp-content\/uploads\/2025\/02\/\u9f8d\u5fb7\u4e4b\u6b4c-\u96fb\u5b50\u7434\u7248.aac\"><\/audio><figcaption class=\"wp-element-caption\">Ein kurzes Werk f\u00fcr Blasorchester, gewidmet den Schiffstaufe- und \u00dcbergabezeremonien der <a href=\"https:\/\/en.wikipedia.org\/wiki\/Lungteh_Shipbuilding\" data-type=\"link\" data-id=\"https:\/\/en.wikipedia.org\/wiki\/Lungteh_Shipbuilding\" target=\"_blank\" rel=\"noreferrer noopener\"><strong>Lungteh Shipbuilding Company<\/strong><\/a> (Taiwan)<\/figcaption><\/figure>\n\n\n\n<p><\/p>\n","protected":false},"excerpt":{"rendered":"<p>Klangbeispiele (Klavier) D. Schostakowitsch: Pr\u00e4ludium und Fuge op.87 Nr.2 in a-Moll A. Skrjabin: Et\u00fcde Op.42 Nr.4 in Fis-Dur Klangbeispiel (Querfl\u00f6te) G. H\u00fce: Fantaisie pour fl\u00fbte et piano Komposition \u201eSong of<a href=\"https:\/\/wei-wen.ch\/de\/media\/\" class=\"more-link\"><span class=\"readmore\">Continue reading<span class=\"screen-reader-text\">Medien<\/span><\/span><\/a><\/p>\n","protected":false},"author":1,"featured_media":0,"parent":0,"menu_order":0,"comment_status":"closed","ping_status":"closed","template":"","meta":{"footnotes":""},"class_list":["post-38","page","type-page","status-publish","hentry"],"_links":{"self":[{"href":"https:\/\/wei-wen.ch\/de\/wp-json\/wp\/v2\/pages\/38","targetHints":{"allow":["GET"]}}],"collection":[{"href":"https:\/\/wei-wen.ch\/de\/wp-json\/wp\/v2\/pages"}],"about":[{"href":"https:\/\/wei-wen.ch\/de\/wp-json\/wp\/v2\/types\/page"}],"author":[{"embeddable":true,"href":"https:\/\/wei-wen.ch\/de\/wp-json\/wp\/v2\/users\/1"}],"replies":[{"embeddable":true,"href":"https:\/\/wei-wen.ch\/de\/wp-json\/wp\/v2\/comments?post=38"}],"version-history":[{"count":19,"href":"https:\/\/wei-wen.ch\/de\/wp-json\/wp\/v2\/pages\/38\/revisions"}],"predecessor-version":[{"id":520,"href":"https:\/\/wei-wen.ch\/de\/wp-json\/wp\/v2\/pages\/38\/revisions\/520"}],"wp:attachment":[{"href":"https:\/\/wei-wen.ch\/de\/wp-json\/wp\/v2\/media?parent=38"}],"curies":[{"name":"wp","href":"https:\/\/api.w.org\/{rel}","templated":true}]}}