{"id":3,"date":"2025-02-17T08:59:39","date_gmt":"2025-02-17T08:59:39","guid":{"rendered":"https:\/\/wei-wen.ch\/?page_id=3"},"modified":"2025-02-25T20:04:51","modified_gmt":"2025-02-25T19:04:51","slug":"privacy-policy","status":"publish","type":"page","link":"https:\/\/wei-wen.ch\/de\/privacy-policy\/","title":{"rendered":"Privacy Policy"},"content":{"rendered":"\n<p>Unsere Website-Adresse ist:\u00a0<strong>www.wei-wen.ch<\/strong><\/p>\n\n\n\n<p><strong>Haftungsausschluss<\/strong><\/p>\n\n\n\n<p>Der Autor \u00fcbernimmt keinerlei Gew\u00e4hr hinsichtlich der inhaltlichen Richtigkeit, Genauigkeit, Aktualit\u00e4t, Zuverl\u00e4ssigkeit und Vollst\u00e4ndigkeit der Informationen.<\/p>\n\n\n\n<p>Haftungsanspr\u00fcche, welche sich auf Sch\u00e4den materieller oder ideeller Art beziehen, die durch die Nutzung oder Nichtnutzung der dargebotenen Informationen bzw. durch die Nutzung fehlerhafter und unvollst\u00e4ndiger Informationen verursacht wurden, sind grunds\u00e4tzlich ausgeschlossen.<\/p>\n\n\n\n<p>Alle Angebote sind freibleibend und unverbindlich. Der Autor beh\u00e4lt es sich ausdr\u00fccklich vor, Teile der Seiten oder das gesamte Angebot ohne gesonderte Ank\u00fcndigung zu ver\u00e4ndern, zu erg\u00e4nzen, zu l\u00f6schen oder die Ver\u00f6ffentlichung zeitweise oder endg\u00fcltig einzustellen.<\/p>\n\n\n\n<p><strong>Haftungsausschluss f\u00fcr Links<\/strong><\/p>\n\n\n\n<p>Verweise und Links auf Websites Dritter liegen ausserhalb unserer Verantwortung. Jegliche Verantwortung f\u00fcr solche Websites wird abgelehnt. Der Zugriff und die Nutzung solcher Websites erfolgt auf eigenes Risiko des jeweiligen Nutzers.<\/p>\n\n\n\n<p><strong>Urheberrechte<\/strong><\/p>\n\n\n\n<p>Die Urheberrechte und alle anderen Rechte an den Inhalten, Bildern, Fotos oder anderen Dateien auf dieser Website geh\u00f6ren ausschliesslich Wei-Wen Lin oder den namentlich genannten Rechteinhabern. F\u00fcr die Reproduktion jeglicher Elemente ist die schriftliche Zustimmung des Rechteinhabers im Voraus einzuholen.<\/p>\n\n\n\n<p>Quelle: SchweizerAnwalt<\/p>\n\n\n\n<p><strong>Allgemeine Hinweise<\/strong><\/p>\n\n\n\n<p>Gest\u00fctzt auf Artikel 13 der Schweizerischen Bundesverfassung und die datenschutzrechtlichen Bestimmungen der Schweizerischen Eidgenossenschaft (Datenschutzgesetz, DSG) hat jede Person Anspruch auf Schutz ihrer Privatsph\u00e4re sowie auf Schutz vor Missbrauch ihrer pers\u00f6nlichen Daten. Die Betreiber dieser Seiten nehmen den Schutz Ihrer pers\u00f6nlichen Daten sehr ernst. Wir behandeln Ihre personenbezogenen Daten vertraulich und entsprechend der gesetzlichen Datenschutzvorschriften sowie dieser Datenschutzerkl\u00e4rung.<\/p>\n\n\n\n<p>In Zusammenarbeit mit unseren Hosting-Providern bem\u00fchen wir uns, die Datenbanken so gut wie m\u00f6glich vor unberechtigtem Zugriff, Verlust, Missbrauch oder Verf\u00e4lschung zu sch\u00fctzen.<\/p>\n\n\n\n<p>Wir weisen darauf hin, dass die Daten\u00fcbertragung im Internet (z.B. bei der Kommunikation per E-Mail) Sicherheitsl\u00fccken aufweisen kann. Ein l\u00fcckenloser Schutz der Daten vor dem Zugriff durch Dritte ist nicht m\u00f6glich.<\/p>\n\n\n\n<p>Mit der Nutzung dieser Website erkl\u00e4ren Sie sich mit der Erhebung, Verarbeitung und Nutzung von Daten gem\u00e4ss der nachfolgenden Beschreibung einverstanden. Diese Website kann grunds\u00e4tzlich ohne Registrierung besucht werden. Daten wie betrachtete Seiten oder Namen von aufgerufenen Dateien, Datum und Uhrzeit werden zu statistischen Zwecken auf dem Server gespeichert, ohne dass diese Daten unmittelbar mit Ihrer Person in Verbindung gebracht werden k\u00f6nnen. Soweit auf unseren Seiten personenbezogene Daten (beispielsweise Name, Anschrift oder eMail-Adressen) erhoben werden, erfolgt dies, soweit m\u00f6glich, stets auf freiwilliger Basis. Diese Daten werden ohne Ihre ausdr\u00fcckliche Zustimmung nicht an Dritte weitergegeben.<\/p>\n\n\n\n<p><strong>Verarbeitung pers\u00f6nlicher Daten<\/strong><\/p>\n\n\n\n<p>Personenbezogene Daten sind alle Informationen, die sich auf eine bestimmte oder bestimmbare Person beziehen. Eine betroffene Person ist eine Person, \u00fcber die personenbezogene Daten verarbeitet werden. Die Bearbeitung umfasst jeden Umgang mit Personendaten, unabh\u00e4ngig von den verwendeten Mitteln und Verfahren, insbesondere die Speicherung, Bekanntgabe, Beschaffung, L\u00f6schung, Aufbewahrung, Ver\u00e4nderung, Vernichtung und Verwendung von Personendaten.<\/p>\n\n\n\n<p>Wir bearbeiten Personendaten in \u00dcbereinstimmung mit dem schweizerischen Datenschutzrecht. Soweit die EU-DSGVO anwendbar ist, verarbeiten wir personenbezogene Daten dar\u00fcber hinaus auf den folgenden Rechtsgrundlagen in Verbindung mit Art. 6 (1) GDPR:<\/p>\n\n\n\n<p>lit. a) Verarbeitung personenbezogener Daten mit Einwilligung der betroffenen Person.<\/p>\n\n\n\n<p>lit. b) Verarbeitung personenbezogener Daten zur Erf\u00fcllung eines Vertrags mit der betroffenen Person sowie zur Durchf\u00fchrung entsprechender vorvertraglicher Ma\u00dfnahmen.<\/p>\n\n\n\n<p>lit. c) Verarbeitung personenbezogener Daten zur Erf\u00fcllung einer rechtlichen Verpflichtung, der wir nach geltendem Recht der EU oder nach geltendem Recht eines Landes, in dem die DSGVO ganz oder teilweise anwendbar ist, unterliegen.<\/p>\n\n\n\n<p>lit. d) Verarbeitung personenbezogener Daten zur Wahrung lebenswichtiger Interessen der betroffenen Person oder einer anderen nat\u00fcrlichen Person.<\/p>\n\n\n\n<p>lit. f) Verarbeitung personenbezogener Daten zur Wahrung berechtigter Interessen von uns oder Dritten, sofern nicht die Grundfreiheiten und Rechte und Interessen der betroffenen Person \u00fcberwiegen. Zu den berechtigten Interessen geh\u00f6ren insbesondere unser gesch\u00e4ftliches Interesse, unsere Website bereitstellen zu k\u00f6nnen, die Informationssicherheit, die Durchsetzung eigener Rechtsanspr\u00fcche und die Einhaltung des Schweizer Rechts.<\/p>\n\n\n\n<p>Wir bearbeiten Personendaten f\u00fcr die Dauer, die f\u00fcr den jeweiligen Zweck oder die jeweiligen Zwecke erforderlich ist. Bei l\u00e4ngerfristigen Aufbewahrungspflichten aufgrund von gesetzlichen und anderen Verpflichtungen, denen wir unterliegen, schr\u00e4nken wir die Bearbeitung entsprechend ein.<\/p>\n\n\n\n<p><strong>Datenschutzbestimmungen f\u00fcr Cookies<\/strong><\/p>\n\n\n\n<p>Diese Website verwendet Cookies. Dabei handelt es sich um kleine Textdateien, die es erm\u00f6glichen, spezifische, auf den Nutzer bezogene Informationen auf dem Endger\u00e4t des Nutzers zu speichern, w\u00e4hrend der Nutzer die Website nutzt. Cookies erm\u00f6glichen es insbesondere, die Nutzungsh\u00e4ufigkeit und die Anzahl der Nutzer der Seiten zu ermitteln, Verhaltensmuster der Seitennutzung zu analysieren, aber auch, unser Angebot kundenfreundlicher zu gestalten. Cookies bleiben \u00fcber das Ende einer Browser-Sitzung hinaus gespeichert und k\u00f6nnen bei einem erneuten Besuch der Seite wieder abgerufen werden. Wenn Sie dies nicht w\u00fcnschen, sollten Sie Ihren Internetbrowser so einstellen, dass er die Annahme von Cookies verweigert.<\/p>\n\n\n\n<p>Ein genereller Widerspruch gegen die Verwendung von Cookies zu Zwecken des Online-Marketings kann f\u00fcr einen Grossteil der Dienste, insbesondere im Falle des Trackings, \u00fcber die US-Seite http:\/\/www.aboutads.info\/choices\/ oder die EU-Seite http:\/\/www.youronlinechoices.com\/ erkl\u00e4rt werden. Dar\u00fcber hinaus kann die Speicherung von Cookies durch Deaktivierung in den Browsereinstellungen erreicht werden. Bitte beachten Sie, dass in diesem Fall nicht alle Funktionen dieses Online-Angebots genutzt werden k\u00f6nnen.<\/p>\n\n\n\n<p><strong>Datenschutzrichtlinie f\u00fcr die SSL\/TLS-Verschl\u00fcsselung<\/strong><\/p>\n\n\n\n<p>Diese Website verwendet aus Sicherheitsgr\u00fcnden und zum Schutz der \u00dcbertragung vertraulicher Inhalte, wie z.B. Anfragen, die Sie an uns als Seitenbetreiber senden, eine SSL\/TLS-Verschl\u00fcsselung. Eine verschl\u00fcsselte Verbindung erkennen Sie daran, dass die Adresszeile des Browsers von \u201ehttp:\/\/\u201c auf \u201ehttps:\/\/\u201c wechselt und an dem Schloss-Symbol in Ihrer Browserzeile.<\/p>\n\n\n\n<p>Wenn die SSL- oder TLS-Verschl\u00fcsselung aktiviert ist, k\u00f6nnen die Daten, die Sie an uns \u00fcbermitteln, nicht von Dritten gelesen werden.<\/p>\n\n\n\n<p><strong>Datenschutzerkl\u00e4rung f\u00fcr Server-Logdateien<\/strong><\/p>\n\n\n\n<p>Der Provider dieser Website erhebt und speichert automatisch Informationen in so genannten Server-Log-Files, die Ihr Browser automatisch an uns \u00fcbermittelt. Dies sind:<\/p>\n\n\n\n<p>Browsertyp und Browserversion<\/p>\n\n\n\n<p>verwendetes Betriebssystem<\/p>\n\n\n\n<p>Referrer URL<\/p>\n\n\n\n<p>Hostname des zugreifenden Rechners<\/p>\n\n\n\n<p>Uhrzeit der Serveranfrage<\/p>\n\n\n\n<p>Diese Daten sind nicht bestimmten Personen zuordenbar. Eine Zusammenf\u00fchrung dieser Daten mit anderen Datenquellen wird nicht vorgenommen. Wir behalten uns vor, diese Daten nachtr\u00e4glich zu pr\u00fcfen, wenn uns konkrete Anhaltspunkte f\u00fcr eine rechtswidrige Nutzung bekannt werden.<\/p>\n\n\n\n<p><strong>Datenschutzbestimmungen f\u00fcr Google Analytics<\/strong><\/p>\n\n\n\n<p>Diese Website benutzt Google Analytics, einen Webanalysedienst, der von Google Ireland Limited bereitgestellt wird. Wenn der f\u00fcr die Datenverarbeitung auf dieser Website Verantwortliche au\u00dferhalb des Europ\u00e4ischen Wirtschaftsraums oder der Schweiz ans\u00e4ssig ist, wird die Datenverarbeitung durch Google Analytics von Google LLC durchgef\u00fchrt. Google LLC und Google Ireland Limited werden im Folgenden als \u201eGoogle\u201c bezeichnet.<\/p>\n\n\n\n<p>Die gewonnenen Statistiken erm\u00f6glichen es uns, unser Angebot zu verbessern und es f\u00fcr Sie als Nutzer interessanter zu gestalten. Diese Website nutzt Google Analytics auch f\u00fcr eine ger\u00e4te\u00fcbergreifende Analyse der Besucherstr\u00f6me, die \u00fcber eine Benutzerkennung erfolgt. Wenn Sie ein Google-Benutzerkonto haben, k\u00f6nnen Sie die ger\u00e4te\u00fcbergreifende Analyse Ihrer Nutzung in den dortigen Einstellungen unter \u201eMeine Daten\u201c, \u201ePers\u00f6nliche Daten\u201c deaktivieren.<\/p>\n\n\n\n<p>Die Rechtsgrundlage f\u00fcr den Einsatz von Google Analytics ist Art. 6 Abs.. 1 S. 1 lit. f DS-GVO. Die im Rahmen von Google Analytics von Ihrem Browser \u00fcbermittelte IP-Adresse wird nicht mit anderen Daten von Google zusammengef\u00fchrt. Wir weisen Sie darauf hin, dass auf dieser Website Google Analytics um den Code \u201e_anonymizeIp();\u201c erweitert wurde, um eine anonymisierte Erfassung von IP-Adressen zu gew\u00e4hrleisten. Dies bedeutet, dass IP-Adressen gek\u00fcrzt verarbeitet werden, so dass sie nicht mit einer bestimmten Person in Verbindung gebracht werden k\u00f6nnen. Sollten die \u00fcber Sie erhobenen Daten mit einer Person in Verbindung gebracht werden, so wird diese sofort ausgeschlossen und die personenbezogenen Daten werden umgehend gel\u00f6scht.<\/p>\n\n\n\n<p>Nur in Ausnahmef\u00e4llen wird die volle IP-Adresse an einen Server von Google in den USA \u00fcbertragen und dort gek\u00fcrzt. Im Auftrag des Betreibers dieser Website wird Google diese Informationen benutzen, um Ihre Nutzung der Website auszuwerten, um Reports \u00fcber die Websiteaktivit\u00e4ten zusammenzustellen und um weitere mit der Websitenutzung und der Internetnutzung verbundene Dienstleistungen gegen\u00fcber dem Websitebetreiber zu erbringen. F\u00fcr die Ausnahmef\u00e4lle, in denen personenbezogene Daten in die USA \u00fcbertragen werden, hat sich Google dem EU-US Privacy Shield unterworfen, https:\/\/www.privacyshield.gov\/EU-US-Framework.<\/p>\n\n\n\n<p>Google Analytics verwendet Cookies. Die durch den Cookie erzeugten Informationen \u00fcber Ihre Benutzung dieser Website werden in der Regel an einen Server von Google in den USA \u00fcbertragen und dort gespeichert. Sie k\u00f6nnen die Speicherung der Cookies durch eine entsprechende Einstellung Ihrer Browser-Software verhindern; wir weisen Sie jedoch darauf hin, dass Sie in diesem Fall gegebenenfalls nicht s\u00e4mtliche Funktionen dieser Website vollumf\u00e4nglich werden nutzen k\u00f6nnen. Sie k\u00f6nnen dar\u00fcber hinaus die Erfassung der durch das Cookie erzeugten und auf Ihre Nutzung der Website bezogenen Daten (inkl. Ihrer IP-Adresse) an Google sowie die Verarbeitung dieser Daten durch Google verhindern, indem sie das unter dem folgenden Link verf\u00fcgbare Browser-Plugin herunterladen und installieren: Google Analytics deaktivieren.<\/p>\n\n\n\n<p>Dar\u00fcber hinaus k\u00f6nnen Sie die Verwendung von Google Analytics auch verhindern, indem Sie auf diesen Link klicken: Google Analytics deaktivieren. Dadurch wird ein sog. Opt-Out-Cookie auf Ihrem Datentr\u00e4ger gespeichert, der die Verarbeitung personenbezogener Daten durch Google Analytics verhindert. Bitte beachten Sie, dass beim L\u00f6schen aller Cookies auf Ihrem Endger\u00e4t auch diese Opt-Out-Cookies gel\u00f6scht werden, d.h. Sie m\u00fcssen die Opt-Out-Cookies erneut setzen, wenn Sie diese Form der Datenerhebung weiterhin verhindern wollen. Die Opt-Out-Cookies werden pro Browser und Computer\/Endger\u00e4t gesetzt und m\u00fcssen daher f\u00fcr jeden Browser, Computer oder jedes andere Endger\u00e4t separat aktiviert werden.<\/p>\n\n\n\n<p><strong>Datenschutzrichtlinie f\u00fcr SoundCloud<\/strong><\/p>\n\n\n\n<p>Auf dieser Website k\u00f6nnen Plugins des sozialen Netzwerks SoundCloud (SoundCloud Limited, Berners House, 47-48 Berners Street, London W1T 3NF, United Kingdom.) integriert sein. Sie erkennen die SoundCloud-Plugins an dem SoundCloud-Logo auf den betreffenden Seiten.<\/p>\n\n\n\n<p>Wenn Sie unsere Seiten besuchen, wird nach Aktivierung des Plugins eine direkte Verbindung zwischen Ihrem Browser und dem SoundCloud-Server hergestellt. SoundCloud erh\u00e4lt dadurch die Information, dass Sie mit Ihrer IP-Adresse unsere Seite besucht haben. Wenn Sie den \u201eGef\u00e4llt mir\u201c- oder \u201eTeilen\u201c-Button anklicken, w\u00e4hrend Sie in Ihrem SoundCloud-Benutzerkonto eingeloggt sind, k\u00f6nnen Sie die Inhalte unserer Seiten mit Ihrem SoundCloud-Profil verlinken und\/oder teilen. Dadurch kann SoundCloud Ihren Besuch auf unseren Seiten Ihrem Benutzerkonto zuordnen. Wir weisen darauf hin, dass wir als Anbieter der Seiten keine Kenntnis vom Inhalt der \u00fcbermittelten Daten sowie deren Nutzung durch SoundCloud erhalten. Weitere Informationen finden Sie in der Datenschutzerkl\u00e4rung von SoundCloud unter: https:\/\/soundcloud.com\/pages\/privacy<\/p>\n\n\n\n<p>Wenn Sie nicht w\u00fcnschen, dass SoundCloud den Besuch unserer Seiten Ihrem SoundCloud-Benutzerkonto zuordnen kann, loggen Sie sich bitte aus Ihrem SoundCloud-Benutzerkonto aus, bevor Sie die Inhalte des SoundCloud-Plugins aktivieren.<\/p>\n\n\n\n<p><strong>Datenschutzbestimmungen f\u00fcr YouTube<\/strong><\/p>\n\n\n\n<p>Auf dieser Website sind Funktionen des Dienstes \u201eYouTube\u201c integriert. \u201eYouTube\u201c ist Eigentum von Google Ireland Limited, einer nach irischem Recht gegr\u00fcndeten und betriebenen Gesellschaft mit Sitz in Gordon House, Barrow Street, Dublin 4, Irland, die die Dienste im Europ\u00e4ischen Wirtschaftsraum und in der Schweiz betreibt.<\/p>\n\n\n\n<p>Ihre rechtliche Vereinbarung mit \u201eYouTube\u201c besteht aus den Allgemeinen Gesch\u00e4ftsbedingungen, die Sie unter dem folgenden Link finden: https:\/\/www.youtube.com\/static?gl=de&#038;template=terms&#038;hl=de. Diese Bedingungen stellen eine rechtsverbindliche Vereinbarung zwischen Ihnen und \u201eYouTube\u201c bez\u00fcglich Ihrer Nutzung der Dienste dar. In den Datenschutzbestimmungen von Google wird erl\u00e4utert, wie \u201eYouTube\u201c Ihre pers\u00f6nlichen Daten behandelt und sch\u00fctzt, wenn Sie den Dienst nutzen.<\/p>\n\n\n\n<p><strong>Urheberrechte<\/strong><\/p>\n\n\n\n<p>Die Urheberrechte und alle anderen Rechte an Inhalten, Bildern, Fotos oder anderen Dateien auf der Website, geh\u00f6ren ausschlie\u00dflich dem Betreiber dieser Website oder den namentlich genannten Rechteinhabern. F\u00fcr die Vervielf\u00e4ltigung jeglicher Dateien muss vorab die schriftliche Zustimmung des Rechteinhabers eingeholt werden.<\/p>\n\n\n\n<p>Wer ohne Zustimmung des jeweiligen Rechteinhabers eine Urheberrechtsverletzung begeht, kann sich strafbar machen und unter Umst\u00e4nden Schadenersatzanspr\u00fcche geltend machen.<\/p>\n\n\n\n<p><strong>\u00c4nderungen<\/strong><\/p>\n\n\n\n<p>Wir k\u00f6nnen diese Datenschutzerkl\u00e4rung jederzeit und ohne vorherige Ank\u00fcndigung \u00e4ndern. Es gilt die jeweils aktuelle, auf unserer Website ver\u00f6ffentlichte Fassung. Soweit die Datenschutzerkl\u00e4rung Teil einer Vereinbarung mit Ihnen ist, werden wir Sie im Falle einer Aktualisierung per E-Mail oder auf andere geeignete Weise \u00fcber die \u00c4nderung informieren.<\/p>\n\n\n\n<p><strong>Fragen an den Datenschutzbeauftragten<\/strong><\/p>\n\n\n\n<p>Wenn Sie Fragen zum Datenschutz haben, schreiben Sie uns bitte eine E-Mail oder wenden Sie sich direkt an die am Anfang der Datenschutzerkl\u00e4rung aufgef\u00fchrte verantwortliche Person in unserer Organisation f\u00fcr den Datenschutz. Bern, 14.06.2021<br>Quelle: SwissAnwalt<\/p>\n\n\n\n<p><\/p>\n","protected":false},"excerpt":{"rendered":"<p>Unsere Website-Adresse ist:\u00a0www.wei-wen.ch Haftungsausschluss Der Autor \u00fcbernimmt keinerlei Gew\u00e4hr hinsichtlich der inhaltlichen Richtigkeit, Genauigkeit, Aktualit\u00e4t, Zuverl\u00e4ssigkeit und Vollst\u00e4ndigkeit der Informationen. Haftungsanspr\u00fcche, welche sich auf Sch\u00e4den materieller oder ideeller Art beziehen,<a href=\"https:\/\/wei-wen.ch\/de\/privacy-policy\/\" class=\"more-link\"><span class=\"readmore\">Continue reading<span class=\"screen-reader-text\">Privacy Policy<\/span><\/span><\/a><\/p>\n","protected":false},"author":1,"featured_media":0,"parent":0,"menu_order":0,"comment_status":"closed","ping_status":"open","template":"","meta":{"footnotes":""},"class_list":["post-3","page","type-page","status-publish","hentry"],"_links":{"self":[{"href":"https:\/\/wei-wen.ch\/de\/wp-json\/wp\/v2\/pages\/3","targetHints":{"allow":["GET"]}}],"collection":[{"href":"https:\/\/wei-wen.ch\/de\/wp-json\/wp\/v2\/pages"}],"about":[{"href":"https:\/\/wei-wen.ch\/de\/wp-json\/wp\/v2\/types\/page"}],"author":[{"embeddable":true,"href":"https:\/\/wei-wen.ch\/de\/wp-json\/wp\/v2\/users\/1"}],"replies":[{"embeddable":true,"href":"https:\/\/wei-wen.ch\/de\/wp-json\/wp\/v2\/comments?post=3"}],"version-history":[{"count":2,"href":"https:\/\/wei-wen.ch\/de\/wp-json\/wp\/v2\/pages\/3\/revisions"}],"predecessor-version":[{"id":452,"href":"https:\/\/wei-wen.ch\/de\/wp-json\/wp\/v2\/pages\/3\/revisions\/452"}],"wp:attachment":[{"href":"https:\/\/wei-wen.ch\/de\/wp-json\/wp\/v2\/media?parent=3"}],"curies":[{"name":"wp","href":"https:\/\/api.w.org\/{rel}","templated":true}]}}