{"id":184,"date":"2025-02-21T08:35:27","date_gmt":"2025-02-21T07:35:27","guid":{"rendered":"https:\/\/wei-wen.ch\/?page_id=184"},"modified":"2026-02-22T04:21:53","modified_gmt":"2026-02-22T03:21:53","slug":"performance","status":"publish","type":"page","link":"https:\/\/wei-wen.ch\/de\/performance\/","title":{"rendered":"Angebot"},"content":{"rendered":"<div class=\"wp-block-image\">\n<figure class=\"aligncenter size-large is-resized\"><img loading=\"lazy\" decoding=\"async\" width=\"1024\" height=\"768\" src=\"https:\/\/wei-wen.ch\/wp-content\/uploads\/2025\/02\/IMG_6216-1024x768.jpg\" alt=\"\" class=\"wp-image-193\" style=\"width:641px;height:auto\" srcset=\"https:\/\/wei-wen.ch\/wp-content\/uploads\/2025\/02\/IMG_6216-1024x768.jpg 1024w, https:\/\/wei-wen.ch\/wp-content\/uploads\/2025\/02\/IMG_6216-300x225.jpg 300w\" sizes=\"auto, (max-width: 1024px) 100vw, 1024px\" \/><\/figure>\n<\/div>\n\n\n<div style=\"height:38px\" aria-hidden=\"true\" class=\"wp-block-spacer\"><\/div>\n\n\n\n<p>Jede musikalische Begegnung ist f\u00fcr mich eine wertvolle k\u00fcnstlerische Zusammenarbeit. Gerne biete ich vielseitige musikalische Dienstleistungen f\u00fcr unterschiedliche Anl\u00e4sse und Bed\u00fcrfnisse an:<\/p>\n\n\n\n<p><strong>Klavierunterricht<\/strong><br>Individueller Klavierunterricht f\u00fcr alle Altersstufen und Niveaus \u2013 vom Einstieg bis zur vertieften k\u00fcnstlerischen Auseinandersetzung. Technik, Musikalit\u00e4t und Ausdruck werden in einem klar strukturierten, inspirierenden Unterricht gef\u00f6rdert.<\/p>\n\n\n\n<p><strong>Musiktheorieunterricht<\/strong><br>Musiktheorieunterricht zur Vertiefung von Harmonielehre, Geh\u00f6rbildung und Analyse \u2013 als Erg\u00e4nzung zum Instrumentalunterricht oder zur gezielten Stufentest-\/Pr\u00fcfungsvorbereitung.<\/p>\n\n\n\n<p><strong>Solistische Auftritte &#038; Kammermusik<\/strong><br>Musikalische Gestaltung von Konzerten, privaten Anl\u00e4ssen oder kulturellen Veranstaltungen. Mein abwechslungsreiches Repertoire reicht von Barock und Klassik bis zu zeitgen\u00f6ssischer Musik.<\/p>\n\n\n\n<p><strong>Klavierbegleitung<\/strong><br>Professionelle und einf\u00fchlsame Begleitung f\u00fcr S\u00e4nger:innen, Instrumentalist:innen, Meisterkurse, Pr\u00fcfungen oder kirchenmusikalische Eins\u00e4tze.<\/p>\n\n\n\n<p><strong>Querfl\u00f6te<\/strong><br>Mitwirkung als Fl\u00f6tistin in Konzerten und Projekten als Solistin, in Duo-Formationen oder in kammermusikalischen Besetzungen.<\/p>\n\n\n\n<p><strong>Orgelspiel<\/strong><br>Musikalische Gestaltung von Gottesdiensten, kirchlichen Feiern und Konzerten mit stilistischer Vielfalt und liturgischem Feingef\u00fchl. Von solistischen Orgelwerken, Begleitung von Gemeinde und Chor bis zu musikalische Umrahmung von Kasualien, ich verbinde k\u00fcnstlerischen Anspruch mit sensibler Anpassung an.<\/p>\n\n\n\n<p><\/p>\n","protected":false},"excerpt":{"rendered":"<p>Jede musikalische Begegnung ist f\u00fcr mich eine wertvolle k\u00fcnstlerische Zusammenarbeit. Gerne biete ich vielseitige musikalische Dienstleistungen f\u00fcr unterschiedliche Anl\u00e4sse und Bed\u00fcrfnisse an: KlavierunterrichtIndividueller Klavierunterricht f\u00fcr alle Altersstufen und Niveaus \u2013<a href=\"https:\/\/wei-wen.ch\/de\/performance\/\" class=\"more-link\"><span class=\"readmore\">Continue reading<span class=\"screen-reader-text\">Angebot<\/span><\/span><\/a><\/p>\n","protected":false},"author":1,"featured_media":0,"parent":0,"menu_order":0,"comment_status":"closed","ping_status":"closed","template":"","meta":{"footnotes":""},"class_list":["post-184","page","type-page","status-publish","hentry"],"_links":{"self":[{"href":"https:\/\/wei-wen.ch\/de\/wp-json\/wp\/v2\/pages\/184","targetHints":{"allow":["GET"]}}],"collection":[{"href":"https:\/\/wei-wen.ch\/de\/wp-json\/wp\/v2\/pages"}],"about":[{"href":"https:\/\/wei-wen.ch\/de\/wp-json\/wp\/v2\/types\/page"}],"author":[{"embeddable":true,"href":"https:\/\/wei-wen.ch\/de\/wp-json\/wp\/v2\/users\/1"}],"replies":[{"embeddable":true,"href":"https:\/\/wei-wen.ch\/de\/wp-json\/wp\/v2\/comments?post=184"}],"version-history":[{"count":10,"href":"https:\/\/wei-wen.ch\/de\/wp-json\/wp\/v2\/pages\/184\/revisions"}],"predecessor-version":[{"id":514,"href":"https:\/\/wei-wen.ch\/de\/wp-json\/wp\/v2\/pages\/184\/revisions\/514"}],"wp:attachment":[{"href":"https:\/\/wei-wen.ch\/de\/wp-json\/wp\/v2\/media?parent=184"}],"curies":[{"name":"wp","href":"https:\/\/api.w.org\/{rel}","templated":true}]}}