{"id":10,"date":"2025-02-17T11:46:01","date_gmt":"2025-02-17T10:46:01","guid":{"rendered":"https:\/\/wei-wen.ch\/?page_id=10"},"modified":"2025-11-16T12:25:07","modified_gmt":"2025-11-16T11:25:07","slug":"biography","status":"publish","type":"page","link":"https:\/\/wei-wen.ch\/de\/biography\/","title":{"rendered":"Biographie"},"content":{"rendered":"<div class=\"wp-block-image\">\n<figure class=\"aligncenter size-large is-resized\"><img loading=\"lazy\" decoding=\"async\" width=\"1024\" height=\"651\" src=\"https:\/\/wei-wen.ch\/wp-content\/uploads\/2025\/02\/IMG_9719-1024x651.jpg\" alt=\"\" class=\"wp-image-154\" style=\"width:708px;height:auto\" srcset=\"https:\/\/wei-wen.ch\/wp-content\/uploads\/2025\/02\/IMG_9719-1024x651.jpg 1024w, https:\/\/wei-wen.ch\/wp-content\/uploads\/2025\/02\/IMG_9719-300x191.jpg 300w, https:\/\/wei-wen.ch\/wp-content\/uploads\/2025\/02\/IMG_9719-768x488.jpg 768w, https:\/\/wei-wen.ch\/wp-content\/uploads\/2025\/02\/IMG_9719.jpg 1179w\" sizes=\"auto, (max-width: 1024px) 100vw, 1024px\" \/><\/figure>\n<\/div>\n\n\n<div style=\"height:100px\" aria-hidden=\"true\" class=\"wp-block-spacer\"><\/div>\n\n\n\n<p>Die taiwanische Pianistin&nbsp;<strong>Wei-Wen Lin<\/strong>&nbsp;ist eine vielseitige und ausdrucksstarke K\u00fcnstlerin, deren musikalische Stimme sich \u00fcber Solorepertoire, Kammermusik, Korrepetition und Kirchenmusik spannt. Ob sie sich der fr\u00fchen Musik, dem klassischen Kanon oder zeitgen\u00f6ssischen Werken widmet \u2013 stets bringt sie eine lebendige Klangfantasie auf die B\u00fchne, die jedem St\u00fcck neue Farben und emotionale Tiefe verleiht. Ihre k\u00fcnstlerische Neugier und Sensibilit\u00e4t erm\u00f6glichen es ihr, Konzerte in immersive Erlebnisse zu verwandeln, die lange \u00fcber den letzten Ton hinaus nachhallen.<\/p>\n\n\n\n<p>Sie ist Preistr\u00e4gerin zahlreicher nationaler und internationaler Wettbewerbe und Stipendienprogramme, darunter:<\/p>\n\n\n\n<p>\u2027&nbsp;<strong>Grand Prix<\/strong>, Rocky Mountain Piano Competition<br>\u2027&nbsp;<strong>Spezialpreis<\/strong>, Elevato Piano Competition \u2013&nbsp;<em>Best Interpretation of a Piano Piece by A. Scriabin<\/em><br>\u2027&nbsp;<strong>1. Preis<\/strong>, Vivaldi International Music Competition \u2013&nbsp;<em>Outstanding Musicality<\/em><br>\u2027&nbsp;<strong>1. Preis<\/strong>, London International Music Competition<br>\u2027&nbsp;<strong>1. Preis<\/strong>, Swiss International Music Competition<br>\u2027&nbsp;<strong>1. Preis<\/strong>, La Pianista International Piano Competition Taiwan<\/p>\n\n\n\n<p>Stipendien:<br>\u2027&nbsp;<strong>Elsy Meyer Foundation Scholarship<\/strong>&nbsp;(Schweiz)<br>\u2027&nbsp;<strong>Lyra-Stipendium<\/strong>&nbsp;(Schweiz)<br>\u2027&nbsp;<strong>ZHdK Scholarship Fund<\/strong>&nbsp;(Schweiz)<br>\u2027&nbsp;<strong>Tsai\u2019s Scholarship for Outstanding Young Artist<\/strong>&nbsp;(USA)<br>\u2027&nbsp;<strong>Kawai-Stipendium<\/strong>&nbsp;(Taiwan)<\/p>\n\n\n\n<p>2002 in Taipeh geboren, wuchs Wei-Wen in einem musikalisch gepr\u00e4gten Umfeld auf und wurde fr\u00fch von ihrer Mutter \u2013 selbst Musikerin und Instrumentallehrerin \u2013 inspiriert. Ihr Talent wurde bereits in jungen Jahren erkannt, sodass sie in das taiwanische F\u00f6rderprogramm f\u00fcr musikalische Nachwuchstalente aufgenommen wurde und parallel zur Schulausbildung ihr Musikstudium beginnen konnte. Ihren Bachelorabschluss erwarb sie 2019 im Alter von neunzehn Jahren.<\/p>\n\n\n\n<p>Ihre k\u00fcnstlerische Ausbildung setzte sie an der Z\u00fcrcher Hochschule der K\u00fcnste (ZHdK) fort, wo sie 2025 ihren\u00a0<strong>Master in Musikp\u00e4dagogik<\/strong>\u00a0in der Klavierklasse von\u00a0<strong>Prof. Eckart Heiligers<\/strong>\u00a0erhielt. Derzeit absolviert sie ihren\u00a0<strong>Master in Music Performance<\/strong>\u00a0bei\u00a0<strong>Prof. Karl-Andreas Kolly<\/strong>. Ihr Studium reicht weit \u00fcber das Klavier hinaus: Sie besch\u00e4ftigte sich intensiv mit Querfl\u00f6te und Piccolo sowie mit Cembalo und Orgel und vertiefte ihr Interesse an Musiktheorie und Jazzklavier.<\/p>\n\n\n\n<p>Neben ihrer Konzertt\u00e4tigkeit ist Wei-Wen mit grosser Hingabe in der Musikp\u00e4dagogik t\u00e4tig. Seit mehreren Jahren gibt sie ihre Leidenschaft an ihre eigenen Sch\u00fcler weiter und ist \u00fcberzeugt, dass Lehren ein wesentlicher und inspirierender Bestandteil ihres k\u00fcnstlerischen Lebens ist.<\/p>\n\n\n\n<p><\/p>\n","protected":false},"excerpt":{"rendered":"<p>Die taiwanische Pianistin&nbsp;Wei-Wen Lin&nbsp;ist eine vielseitige und ausdrucksstarke K\u00fcnstlerin, deren musikalische Stimme sich \u00fcber Solorepertoire, Kammermusik, Korrepetition und Kirchenmusik spannt. Ob sie sich der fr\u00fchen Musik, dem klassischen Kanon oder<a href=\"https:\/\/wei-wen.ch\/de\/biography\/\" class=\"more-link\"><span class=\"readmore\">Continue reading<span class=\"screen-reader-text\">Biographie<\/span><\/span><\/a><\/p>\n","protected":false},"author":1,"featured_media":0,"parent":0,"menu_order":0,"comment_status":"closed","ping_status":"closed","template":"","meta":{"footnotes":""},"class_list":["post-10","page","type-page","status-publish","hentry"],"_links":{"self":[{"href":"https:\/\/wei-wen.ch\/de\/wp-json\/wp\/v2\/pages\/10","targetHints":{"allow":["GET"]}}],"collection":[{"href":"https:\/\/wei-wen.ch\/de\/wp-json\/wp\/v2\/pages"}],"about":[{"href":"https:\/\/wei-wen.ch\/de\/wp-json\/wp\/v2\/types\/page"}],"author":[{"embeddable":true,"href":"https:\/\/wei-wen.ch\/de\/wp-json\/wp\/v2\/users\/1"}],"replies":[{"embeddable":true,"href":"https:\/\/wei-wen.ch\/de\/wp-json\/wp\/v2\/comments?post=10"}],"version-history":[{"count":26,"href":"https:\/\/wei-wen.ch\/de\/wp-json\/wp\/v2\/pages\/10\/revisions"}],"predecessor-version":[{"id":473,"href":"https:\/\/wei-wen.ch\/de\/wp-json\/wp\/v2\/pages\/10\/revisions\/473"}],"wp:attachment":[{"href":"https:\/\/wei-wen.ch\/de\/wp-json\/wp\/v2\/media?parent=10"}],"curies":[{"name":"wp","href":"https:\/\/api.w.org\/{rel}","templated":true}]}}